{"id":5224,"date":"2024-05-30T23:32:40","date_gmt":"2024-05-30T21:32:40","guid":{"rendered":"https:\/\/www.kubamajerczyk.com\/session-drummer\/"},"modified":"2026-03-10T20:23:09","modified_gmt":"2026-03-10T19:23:09","slug":"session-drummer","status":"publish","type":"page","link":"https:\/\/www.kubamajerczyk.com\/en\/session-drummer\/","title":{"rendered":"Session Drummer"},"content":{"rendered":"\t\t<div data-elementor-type=\"wp-page\" data-elementor-id=\"5224\" class=\"elementor elementor-5224 elementor-5172\" data-elementor-post-type=\"page\">\n\t\t\t\t\t\t<section class=\"elementor-section elementor-top-section elementor-element elementor-element-b32cc22 elementor-section-boxed elementor-section-height-default elementor-section-height-default\" data-id=\"b32cc22\" data-element_type=\"section\" data-e-type=\"section\">\n\t\t\t\t\t\t<div class=\"elementor-container elementor-column-gap-default\">\n\t\t\t\t\t<div class=\"elementor-column elementor-col-100 elementor-top-column elementor-element elementor-element-98e08fe\" data-id=\"98e08fe\" data-element_type=\"column\" data-e-type=\"column\">\n\t\t\t<div class=\"elementor-widget-wrap elementor-element-populated\">\n\t\t\t\t\t\t<section class=\"elementor-section elementor-inner-section elementor-element elementor-element-4af8e22 elementor-section-boxed elementor-section-height-default elementor-section-height-default\" data-id=\"4af8e22\" data-element_type=\"section\" data-e-type=\"section\">\n\t\t\t\t\t\t<div class=\"elementor-container elementor-column-gap-default\">\n\t\t\t\t\t<div class=\"elementor-column elementor-col-100 elementor-inner-column elementor-element elementor-element-01653ab\" data-id=\"01653ab\" data-element_type=\"column\" data-e-type=\"column\">\n\t\t\t<div class=\"elementor-widget-wrap elementor-element-populated\">\n\t\t\t\t\t\t<div class=\"elementor-element elementor-element-7715702 elementor-widget elementor-widget-text-editor\" data-id=\"7715702\" data-element_type=\"widget\" data-e-type=\"widget\" data-widget_type=\"text-editor.default\">\n\t\t\t\t<div class=\"elementor-widget-container\">\n\t\t\t\t\t\t\t\t\t<p><img fetchpriority=\"high\" decoding=\"async\" class=\"alignright wp-image-7813\" title=\"My drums in Recording Studio\" src=\"https:\/\/www.kubamajerczyk.com\/wp-content\/uploads\/2026\/02\/20220512_132719-Edit-Edit-Edit-Edit_900px-4-300x295.webp\" alt=\"My drums in Recording Studio\" width=\"314\" height=\"309\" srcset=\"https:\/\/www.kubamajerczyk.com\/wp-content\/uploads\/2026\/02\/20220512_132719-Edit-Edit-Edit-Edit_900px-4-300x295.webp 300w, https:\/\/www.kubamajerczyk.com\/wp-content\/uploads\/2026\/02\/20220512_132719-Edit-Edit-Edit-Edit_900px-4-150x148.webp 150w, https:\/\/www.kubamajerczyk.com\/wp-content\/uploads\/2026\/02\/20220512_132719-Edit-Edit-Edit-Edit_900px-4-768x755.webp 768w, https:\/\/www.kubamajerczyk.com\/wp-content\/uploads\/2026\/02\/20220512_132719-Edit-Edit-Edit-Edit_900px-4.webp 900w\" sizes=\"(max-width: 314px) 100vw, 314px\" \/>Having played drums for many years, I regularly acted as a session drummer.<br \/>As for the genres in which I feel best as a drummer for hire &#8211; generally speaking, it is broadly understood Rock music, with strong Blues roots. I grew up listening to music such as Led Zeppelin, Black Sabbath, etc., but at the same time, my first and strongest musical fascination was caused by Czes\u0142aw Bartkowski&#8217;s drumming on Czes\u0142aw Niemen&#8217;s &#8220;Cz\u0142owiek Jam Niewdzi\u0119czny&#8221; album. Basically a jazz drummer (Bartkowski), he played rock songs. And he played it great. I mention this because my own approach to music has been shaped more or less like this &#8211; I am an improvising rocker, who does not shy away from Blues, Reggae, Funk, Progressive.<\/p><p>As a session drummer, I work well in songs ranging from Pop to hard Rock &#8211; I love heavy groove and odd meters too. I also create drum grooves based on the toms &#8220;melody&#8221;. I play quiet ballads, and also rock grooves with brushes.<\/p><p>I don&#8217;t always work on the spot &#8211; sometimes I need to familiarize myself more closely with a song, I record the first ideas, listen to it the next day, go back to the studio (e.g. retune the toms, maybe change the snare drum or anything) and record the next (final?) version. At the same time, though, the first idea often turns out to be OK and stays.<\/p>\t\t\t\t\t\t\t\t<\/div>\n\t\t\t\t<\/div>\n\t\t\t\t\t<\/div>\n\t\t<\/div>\n\t\t\t\t\t<\/div>\n\t\t<\/section>\n\t\t\t\t<section class=\"elementor-section elementor-inner-section elementor-element elementor-element-ad45f68 elementor-section-boxed elementor-section-height-default elementor-section-height-default\" data-id=\"ad45f68\" data-element_type=\"section\" data-e-type=\"section\">\n\t\t\t\t\t\t<div class=\"elementor-container elementor-column-gap-default\">\n\t\t\t\t\t<div class=\"elementor-column elementor-col-50 elementor-inner-column elementor-element elementor-element-8b686b7\" data-id=\"8b686b7\" data-element_type=\"column\" data-e-type=\"column\">\n\t\t\t<div class=\"elementor-widget-wrap elementor-element-populated\">\n\t\t\t\t\t\t<div class=\"elementor-element elementor-element-9b87a90 elementor-widget elementor-widget-text-editor\" data-id=\"9b87a90\" data-element_type=\"widget\" data-e-type=\"widget\" data-widget_type=\"text-editor.default\">\n\t\t\t\t<div class=\"elementor-widget-container\">\n\t\t\t\t\t\t\t\t\t<p>Some time ago, however, I happened to work on a drum part for a simple song for about 2 weeks (of course, there was no time pressure). It was just the kind of situation where I immediately hear in my head how it should go, but the results are, well&#8230; IMO, far from what I hear in my head. It&#8217;s all about feeling, not about notation. You can put the sheet music into a computer and generate a drum set part out of the best samples in the world, but that&#8217;s a completely different thing and that&#8217;s not what I&#8217;m talking about now. Simple things don&#8217;t necessarily come easy &#8211; BTW that&#8217;s the song I&#8217;m talking about (isn&#8217;t it simple?). \u2192<\/p>\n\t\t\t\t\t\t\t\t<\/div>\n\t\t\t\t<\/div>\n\t\t\t\t\t<\/div>\n\t\t<\/div>\n\t\t\t\t<div class=\"elementor-column elementor-col-50 elementor-inner-column elementor-element elementor-element-58092e1\" data-id=\"58092e1\" data-element_type=\"column\" data-e-type=\"column\">\n\t\t\t<div class=\"elementor-widget-wrap elementor-element-populated\">\n\t\t\t\t\t\t<div class=\"elementor-element elementor-element-bd0d535 elementor-widget elementor-widget-text-editor\" data-id=\"bd0d535\" data-element_type=\"widget\" data-e-type=\"widget\" data-widget_type=\"text-editor.default\">\n\t\t\t\t<div class=\"elementor-widget-container\">\n\t\t\t\t\t\t\t\t\t<iframe loading=\"lazy\" style=\"border-radius: 12px;\" src=\"https:\/\/open.spotify.com\/embed\/track\/0hPrVi3U1pLq5uXNIpCjp1?utm_source=generator\" width=\"100%\" height=\"200\" frameborder=\"0\" allowfullscreen=\"allowfullscreen\"><\/iframe>\t\t\t\t\t\t\t\t<\/div>\n\t\t\t\t<\/div>\n\t\t\t\t\t<\/div>\n\t\t<\/div>\n\t\t\t\t\t<\/div>\n\t\t<\/section>\n\t\t\t\t<section class=\"elementor-section elementor-inner-section elementor-element elementor-element-638ea87 elementor-section-boxed elementor-section-height-default elementor-section-height-default\" data-id=\"638ea87\" data-element_type=\"section\" data-e-type=\"section\">\n\t\t\t\t\t\t<div class=\"elementor-container elementor-column-gap-default\">\n\t\t\t\t\t<div class=\"elementor-column elementor-col-50 elementor-inner-column elementor-element elementor-element-0298fe1\" data-id=\"0298fe1\" data-element_type=\"column\" data-e-type=\"column\">\n\t\t\t<div class=\"elementor-widget-wrap elementor-element-populated\">\n\t\t\t\t\t\t<div class=\"elementor-element elementor-element-76f954a elementor-widget elementor-widget-text-editor\" data-id=\"76f954a\" data-element_type=\"widget\" data-e-type=\"widget\" data-widget_type=\"text-editor.default\">\n\t\t\t\t<div class=\"elementor-widget-container\">\n\t\t\t\t\t\t\t\t\t<p>Every song is different. A classic example of a song recorded basically &#8220;on the spot&#8221; and at the same time being the result of typical work as a session drummer is the song below. That recording took place long before I joined Anna Maria Jopek&#8217;s backing band BTW. \u2192<\/p>\t\t\t\t\t\t\t\t<\/div>\n\t\t\t\t<\/div>\n\t\t\t\t\t<\/div>\n\t\t<\/div>\n\t\t\t\t<div class=\"elementor-column elementor-col-50 elementor-inner-column elementor-element elementor-element-772cdff\" data-id=\"772cdff\" data-element_type=\"column\" data-e-type=\"column\">\n\t\t\t<div class=\"elementor-widget-wrap elementor-element-populated\">\n\t\t\t\t\t\t<div class=\"elementor-element elementor-element-d81884a elementor-widget elementor-widget-text-editor\" data-id=\"d81884a\" data-element_type=\"widget\" data-e-type=\"widget\" data-widget_type=\"text-editor.default\">\n\t\t\t\t<div class=\"elementor-widget-container\">\n\t\t\t\t\t\t\t\t\t<iframe loading=\"lazy\" style=\"border-radius: 12px;\" src=\"https:\/\/open.spotify.com\/embed\/track\/5pmYag44sVWyi7iWkSwmX5?utm_source=generator\" width=\"100%\" height=\"200\" frameborder=\"0\" allowfullscreen=\"allowfullscreen\"><\/iframe>\t\t\t\t\t\t\t\t<\/div>\n\t\t\t\t<\/div>\n\t\t\t\t\t<\/div>\n\t\t<\/div>\n\t\t\t\t\t<\/div>\n\t\t<\/section>\n\t\t\t\t<div class=\"elementor-element elementor-element-24503aa elementor-widget elementor-widget-button\" data-id=\"24503aa\" data-element_type=\"widget\" data-e-type=\"widget\" data-widget_type=\"button.default\">\n\t\t\t\t<div class=\"elementor-widget-container\">\n\t\t\t\t\t\t\t\t\t<div class=\"elementor-button-wrapper\">\n\t\t\t\t\t<a class=\"elementor-button elementor-button-link elementor-size-sm elementor-animation-skew-forward\" href=\"https:\/\/www.kubamajerczyk.com\/en\/drum-parts-online\/\">\n\t\t\t\t\t\t<span class=\"elementor-button-content-wrapper\">\n\t\t\t\t\t\t<span class=\"elementor-button-icon\">\n\t\t\t\t<i aria-hidden=\"true\" class=\"fas fa-drum\"><\/i>\t\t\t<\/span>\n\t\t\t\t\t\t\t\t\t<span class=\"elementor-button-text\">Drummer For Hire<\/span>\n\t\t\t\t\t<\/span>\n\t\t\t\t\t<\/a>\n\t\t\t\t<\/div>\n\t\t\t\t\t\t\t\t<\/div>\n\t\t\t\t<\/div>\n\t\t\t\t\t<\/div>\n\t\t<\/div>\n\t\t\t\t\t<\/div>\n\t\t<\/section>\n\t\t\t\t<\/div>\n\t\t","protected":false},"excerpt":{"rendered":"<p>Having played drums for many years, I regularly acted as a session drummer.As for the genres in which I feel best as a drummer for hire &#8211; generally speaking, it is broadly understood Rock music, with strong Blues roots. I grew up listening to music such as Led Zeppelin, Black Sabbath, etc., but at the [&hellip;]<\/p>\n","protected":false},"author":15,"featured_media":0,"parent":0,"menu_order":0,"comment_status":"closed","ping_status":"closed","template":"","meta":{"jetpack_post_was_ever_published":false,"footnotes":""},"class_list":["post-5224","page","type-page","status-publish","hentry"],"yoast_head":"<!-- This site is optimized with the Yoast SEO plugin v27.3 - https:\/\/yoast.com\/product\/yoast-seo-wordpress\/ -->\n<title>Session Drummer - Kuba Majerczyk<\/title>\n<meta name=\"robots\" content=\"index, follow, max-snippet:-1, max-image-preview:large, max-video-preview:-1\" \/>\n<link rel=\"canonical\" href=\"https:\/\/www.kubamajerczyk.com\/en\/session-drummer\/\" \/>\n<meta property=\"og:locale\" content=\"en_US\" \/>\n<meta property=\"og:type\" content=\"article\" \/>\n<meta property=\"og:title\" content=\"Session Drummer - Kuba Majerczyk\" \/>\n<meta property=\"og:description\" content=\"Having played drums for many years, I regularly acted as a session drummer.As for the genres in which I feel best as a drummer for hire &#8211; generally speaking, it is broadly understood Rock music, with strong Blues roots. I grew up listening to music such as Led Zeppelin, Black Sabbath, etc., but at the [&hellip;]\" \/>\n<meta property=\"og:url\" content=\"https:\/\/www.kubamajerczyk.com\/en\/session-drummer\/\" \/>\n<meta property=\"og:site_name\" content=\"Kuba Majerczyk - Drummer\" \/>\n<meta property=\"article:modified_time\" content=\"2026-03-10T19:23:09+00:00\" \/>\n<meta property=\"og:image\" content=\"https:\/\/www.kubamajerczyk.com\/wp-content\/uploads\/2026\/02\/20220512_132719-Edit-Edit-Edit-Edit_900px-4.webp\" \/>\n\t<meta property=\"og:image:width\" content=\"900\" \/>\n\t<meta property=\"og:image:height\" content=\"885\" \/>\n\t<meta property=\"og:image:type\" content=\"image\/webp\" \/>\n<meta name=\"twitter:card\" content=\"summary_large_image\" \/>\n<meta name=\"twitter:label1\" content=\"Est. reading time\" \/>\n\t<meta name=\"twitter:data1\" content=\"2 minutes\" \/>\n<script type=\"application\/ld+json\" class=\"yoast-schema-graph\">{\"@context\":\"https:\\\/\\\/schema.org\",\"@graph\":[{\"@type\":\"WebPage\",\"@id\":\"https:\\\/\\\/www.kubamajerczyk.com\\\/en\\\/session-drummer\\\/\",\"url\":\"https:\\\/\\\/www.kubamajerczyk.com\\\/en\\\/session-drummer\\\/\",\"name\":\"Session Drummer - Kuba Majerczyk\",\"isPartOf\":{\"@id\":\"https:\\\/\\\/www.kubamajerczyk.com\\\/en\\\/#website\"},\"primaryImageOfPage\":{\"@id\":\"https:\\\/\\\/www.kubamajerczyk.com\\\/en\\\/session-drummer\\\/#primaryimage\"},\"image\":{\"@id\":\"https:\\\/\\\/www.kubamajerczyk.com\\\/en\\\/session-drummer\\\/#primaryimage\"},\"thumbnailUrl\":\"https:\\\/\\\/www.kubamajerczyk.com\\\/wp-content\\\/uploads\\\/2026\\\/02\\\/20220512_132719-Edit-Edit-Edit-Edit_900px-4-300x295.webp\",\"datePublished\":\"2024-05-30T21:32:40+00:00\",\"dateModified\":\"2026-03-10T19:23:09+00:00\",\"breadcrumb\":{\"@id\":\"https:\\\/\\\/www.kubamajerczyk.com\\\/en\\\/session-drummer\\\/#breadcrumb\"},\"inLanguage\":\"en-US\",\"potentialAction\":[{\"@type\":\"ReadAction\",\"target\":[\"https:\\\/\\\/www.kubamajerczyk.com\\\/en\\\/session-drummer\\\/\"]}]},{\"@type\":\"ImageObject\",\"inLanguage\":\"en-US\",\"@id\":\"https:\\\/\\\/www.kubamajerczyk.com\\\/en\\\/session-drummer\\\/#primaryimage\",\"url\":\"https:\\\/\\\/www.kubamajerczyk.com\\\/wp-content\\\/uploads\\\/2026\\\/02\\\/20220512_132719-Edit-Edit-Edit-Edit_900px-4-300x295.webp\",\"contentUrl\":\"https:\\\/\\\/www.kubamajerczyk.com\\\/wp-content\\\/uploads\\\/2026\\\/02\\\/20220512_132719-Edit-Edit-Edit-Edit_900px-4-300x295.webp\"},{\"@type\":\"BreadcrumbList\",\"@id\":\"https:\\\/\\\/www.kubamajerczyk.com\\\/en\\\/session-drummer\\\/#breadcrumb\",\"itemListElement\":[{\"@type\":\"ListItem\",\"position\":1,\"name\":\"Strona g\u0142\u00f3wna\",\"item\":\"https:\\\/\\\/www.kubamajerczyk.com\\\/en\\\/\"},{\"@type\":\"ListItem\",\"position\":2,\"name\":\"Session Drummer\"}]},{\"@type\":\"WebSite\",\"@id\":\"https:\\\/\\\/www.kubamajerczyk.com\\\/en\\\/#website\",\"url\":\"https:\\\/\\\/www.kubamajerczyk.com\\\/en\\\/\",\"name\":\"Kuba Majerczyk - Perkusista\",\"description\":\"Drum-parts Recording\",\"publisher\":{\"@id\":\"https:\\\/\\\/www.kubamajerczyk.com\\\/en\\\/#\\\/schema\\\/person\\\/2da870fc2b57356162d78ba014aca932\"},\"potentialAction\":[{\"@type\":\"SearchAction\",\"target\":{\"@type\":\"EntryPoint\",\"urlTemplate\":\"https:\\\/\\\/www.kubamajerczyk.com\\\/en\\\/?s={search_term_string}\"},\"query-input\":{\"@type\":\"PropertyValueSpecification\",\"valueRequired\":true,\"valueName\":\"search_term_string\"}}],\"inLanguage\":\"en-US\"},{\"@type\":[\"Person\",\"Organization\"],\"@id\":\"https:\\\/\\\/www.kubamajerczyk.com\\\/en\\\/#\\\/schema\\\/person\\\/2da870fc2b57356162d78ba014aca932\",\"name\":\"Kuba\",\"image\":{\"@type\":\"ImageObject\",\"inLanguage\":\"en-US\",\"@id\":\"https:\\\/\\\/www.kubamajerczyk.com\\\/wp-content\\\/uploads\\\/KUB_1273-as-Smart-Object-1_copy_720px.jpg\",\"url\":\"https:\\\/\\\/www.kubamajerczyk.com\\\/wp-content\\\/uploads\\\/KUB_1273-as-Smart-Object-1_copy_720px.jpg\",\"contentUrl\":\"https:\\\/\\\/www.kubamajerczyk.com\\\/wp-content\\\/uploads\\\/KUB_1273-as-Smart-Object-1_copy_720px.jpg\",\"width\":540,\"height\":720,\"caption\":\"Kuba\"},\"logo\":{\"@id\":\"https:\\\/\\\/www.kubamajerczyk.com\\\/wp-content\\\/uploads\\\/KUB_1273-as-Smart-Object-1_copy_720px.jpg\"},\"sameAs\":[\"http:\\\/\\\/www.kubamajerczyk.com\",\"https:\\\/\\\/on.soundcloud.com\\\/Gca1OHzyBlgqhRyuhh\"]}]}<\/script>\n<!-- \/ Yoast SEO plugin. -->","yoast_head_json":{"title":"Session Drummer - Kuba Majerczyk","robots":{"index":"index","follow":"follow","max-snippet":"max-snippet:-1","max-image-preview":"max-image-preview:large","max-video-preview":"max-video-preview:-1"},"canonical":"https:\/\/www.kubamajerczyk.com\/en\/session-drummer\/","og_locale":"en_US","og_type":"article","og_title":"Session Drummer - Kuba Majerczyk","og_description":"Having played drums for many years, I regularly acted as a session drummer.As for the genres in which I feel best as a drummer for hire &#8211; generally speaking, it is broadly understood Rock music, with strong Blues roots. I grew up listening to music such as Led Zeppelin, Black Sabbath, etc., but at the [&hellip;]","og_url":"https:\/\/www.kubamajerczyk.com\/en\/session-drummer\/","og_site_name":"Kuba Majerczyk - Drummer","article_modified_time":"2026-03-10T19:23:09+00:00","og_image":[{"width":900,"height":885,"url":"https:\/\/www.kubamajerczyk.com\/wp-content\/uploads\/2026\/02\/20220512_132719-Edit-Edit-Edit-Edit_900px-4.webp","type":"image\/webp"}],"twitter_card":"summary_large_image","twitter_misc":{"Est. reading time":"2 minutes"},"schema":{"@context":"https:\/\/schema.org","@graph":[{"@type":"WebPage","@id":"https:\/\/www.kubamajerczyk.com\/en\/session-drummer\/","url":"https:\/\/www.kubamajerczyk.com\/en\/session-drummer\/","name":"Session Drummer - Kuba Majerczyk","isPartOf":{"@id":"https:\/\/www.kubamajerczyk.com\/en\/#website"},"primaryImageOfPage":{"@id":"https:\/\/www.kubamajerczyk.com\/en\/session-drummer\/#primaryimage"},"image":{"@id":"https:\/\/www.kubamajerczyk.com\/en\/session-drummer\/#primaryimage"},"thumbnailUrl":"https:\/\/www.kubamajerczyk.com\/wp-content\/uploads\/2026\/02\/20220512_132719-Edit-Edit-Edit-Edit_900px-4-300x295.webp","datePublished":"2024-05-30T21:32:40+00:00","dateModified":"2026-03-10T19:23:09+00:00","breadcrumb":{"@id":"https:\/\/www.kubamajerczyk.com\/en\/session-drummer\/#breadcrumb"},"inLanguage":"en-US","potentialAction":[{"@type":"ReadAction","target":["https:\/\/www.kubamajerczyk.com\/en\/session-drummer\/"]}]},{"@type":"ImageObject","inLanguage":"en-US","@id":"https:\/\/www.kubamajerczyk.com\/en\/session-drummer\/#primaryimage","url":"https:\/\/www.kubamajerczyk.com\/wp-content\/uploads\/2026\/02\/20220512_132719-Edit-Edit-Edit-Edit_900px-4-300x295.webp","contentUrl":"https:\/\/www.kubamajerczyk.com\/wp-content\/uploads\/2026\/02\/20220512_132719-Edit-Edit-Edit-Edit_900px-4-300x295.webp"},{"@type":"BreadcrumbList","@id":"https:\/\/www.kubamajerczyk.com\/en\/session-drummer\/#breadcrumb","itemListElement":[{"@type":"ListItem","position":1,"name":"Strona g\u0142\u00f3wna","item":"https:\/\/www.kubamajerczyk.com\/en\/"},{"@type":"ListItem","position":2,"name":"Session Drummer"}]},{"@type":"WebSite","@id":"https:\/\/www.kubamajerczyk.com\/en\/#website","url":"https:\/\/www.kubamajerczyk.com\/en\/","name":"Kuba Majerczyk - Perkusista","description":"Drum-parts Recording","publisher":{"@id":"https:\/\/www.kubamajerczyk.com\/en\/#\/schema\/person\/2da870fc2b57356162d78ba014aca932"},"potentialAction":[{"@type":"SearchAction","target":{"@type":"EntryPoint","urlTemplate":"https:\/\/www.kubamajerczyk.com\/en\/?s={search_term_string}"},"query-input":{"@type":"PropertyValueSpecification","valueRequired":true,"valueName":"search_term_string"}}],"inLanguage":"en-US"},{"@type":["Person","Organization"],"@id":"https:\/\/www.kubamajerczyk.com\/en\/#\/schema\/person\/2da870fc2b57356162d78ba014aca932","name":"Kuba","image":{"@type":"ImageObject","inLanguage":"en-US","@id":"https:\/\/www.kubamajerczyk.com\/wp-content\/uploads\/KUB_1273-as-Smart-Object-1_copy_720px.jpg","url":"https:\/\/www.kubamajerczyk.com\/wp-content\/uploads\/KUB_1273-as-Smart-Object-1_copy_720px.jpg","contentUrl":"https:\/\/www.kubamajerczyk.com\/wp-content\/uploads\/KUB_1273-as-Smart-Object-1_copy_720px.jpg","width":540,"height":720,"caption":"Kuba"},"logo":{"@id":"https:\/\/www.kubamajerczyk.com\/wp-content\/uploads\/KUB_1273-as-Smart-Object-1_copy_720px.jpg"},"sameAs":["http:\/\/www.kubamajerczyk.com","https:\/\/on.soundcloud.com\/Gca1OHzyBlgqhRyuhh"]}]}},"_links":{"self":[{"href":"https:\/\/www.kubamajerczyk.com\/en\/wp-json\/wp\/v2\/pages\/5224","targetHints":{"allow":["GET"]}}],"collection":[{"href":"https:\/\/www.kubamajerczyk.com\/en\/wp-json\/wp\/v2\/pages"}],"about":[{"href":"https:\/\/www.kubamajerczyk.com\/en\/wp-json\/wp\/v2\/types\/page"}],"author":[{"embeddable":true,"href":"https:\/\/www.kubamajerczyk.com\/en\/wp-json\/wp\/v2\/users\/15"}],"replies":[{"embeddable":true,"href":"https:\/\/www.kubamajerczyk.com\/en\/wp-json\/wp\/v2\/comments?post=5224"}],"version-history":[{"count":3,"href":"https:\/\/www.kubamajerczyk.com\/en\/wp-json\/wp\/v2\/pages\/5224\/revisions"}],"predecessor-version":[{"id":8418,"href":"https:\/\/www.kubamajerczyk.com\/en\/wp-json\/wp\/v2\/pages\/5224\/revisions\/8418"}],"wp:attachment":[{"href":"https:\/\/www.kubamajerczyk.com\/en\/wp-json\/wp\/v2\/media?parent=5224"}],"curies":[{"name":"wp","href":"https:\/\/api.w.org\/{rel}","templated":true}]}}