{"id":103,"date":"2009-11-21T11:02:58","date_gmt":"2009-11-21T10:02:58","guid":{"rendered":"http:\/\/www.kubamajerczyk.com\/?page_id=103"},"modified":"2026-02-23T04:05:56","modified_gmt":"2026-02-23T03:05:56","slug":"kuba-majerczyk-about","status":"publish","type":"page","link":"https:\/\/www.kubamajerczyk.com\/en\/kuba-majerczyk-about\/","title":{"rendered":"About"},"content":{"rendered":"\t\t<div data-elementor-type=\"wp-page\" data-elementor-id=\"103\" class=\"elementor elementor-103 elementor-100\" data-elementor-post-type=\"page\">\n\t\t\t\t\t\t<section class=\"elementor-section elementor-top-section elementor-element elementor-element-7e36dcce elementor-section-boxed elementor-section-height-default elementor-section-height-default\" data-id=\"7e36dcce\" data-element_type=\"section\" data-e-type=\"section\" data-settings=\"{&quot;background_background&quot;:&quot;classic&quot;}\">\n\t\t\t\t\t\t<div class=\"elementor-container elementor-column-gap-default\">\n\t\t\t\t\t<div class=\"elementor-column elementor-col-100 elementor-top-column elementor-element elementor-element-12a783b\" data-id=\"12a783b\" data-element_type=\"column\" data-e-type=\"column\">\n\t\t\t<div class=\"elementor-widget-wrap elementor-element-populated\">\n\t\t\t\t\t\t<section class=\"elementor-section elementor-inner-section elementor-element elementor-element-904fdb8 elementor-section-boxed elementor-section-height-default elementor-section-height-default\" data-id=\"904fdb8\" data-element_type=\"section\" data-e-type=\"section\">\n\t\t\t\t\t\t<div class=\"elementor-container elementor-column-gap-default\">\n\t\t\t\t\t<div class=\"elementor-column elementor-col-100 elementor-inner-column elementor-element elementor-element-002695d\" data-id=\"002695d\" data-element_type=\"column\" data-e-type=\"column\">\n\t\t\t<div class=\"elementor-widget-wrap\">\n\t\t\t\t\t\t\t<\/div>\n\t\t<\/div>\n\t\t\t\t\t<\/div>\n\t\t<\/section>\n\t\t\t\t<div class=\"elementor-element elementor-element-86ae9b0 elementor-widget elementor-widget-text-editor\" data-id=\"86ae9b0\" data-element_type=\"widget\" data-e-type=\"widget\" data-widget_type=\"text-editor.default\">\n\t\t\t\t<div class=\"elementor-widget-container\">\n\t\t\t\t\t\t\t\t\t<h4><img fetchpriority=\"high\" decoding=\"async\" class=\"alignright wp-image-7842\" title=\"Kuba Majerczyk middle 80's\" src=\"https:\/\/www.kubamajerczyk.com\/wp-content\/uploads\/2026\/02\/kuba_patologia_80s-223x300.webp\" alt=\"Kuba Majerczyk middle 80's\" width=\"200\" height=\"269\" srcset=\"https:\/\/www.kubamajerczyk.com\/wp-content\/uploads\/2026\/02\/kuba_patologia_80s-223x300.webp 223w, https:\/\/www.kubamajerczyk.com\/wp-content\/uploads\/2026\/02\/kuba_patologia_80s-112x150.webp 112w, https:\/\/www.kubamajerczyk.com\/wp-content\/uploads\/2026\/02\/kuba_patologia_80s.webp 595w\" sizes=\"(max-width: 200px) 100vw, 200px\" \/>Short bio:<\/h4><p>Amadeusz &#8220;Kuba&#8221; Majerczyk was born in October 1966 in Lublin, spending his childhood in \u015awidnik. He became seriously interested in drums when he was about 12 years old. Around then, his mother gave him his first drum set.<br \/>Starting with local bands: &#8220;Czerwona Brzytwa&#8221; (The Red Razor), &#8220;Snopy&#8221; (Main Award of the &#8220;Jesie\u0144 z Bluesem&#8221; festival in 1984), &#8220;Patologia Ci\u0105\u017cy&#8221; (Heavy Pathology).<\/p><p>Since 1985, while attending a secondary music school in Kielce, he also joins the band &#8220;Heaven Blues&#8221; (later &#8220;Mafia&#8221;). Shortly afterwards, he meets W\u0142odek Kiniorski (&#8220;Kinior&#8221;) and a group of people known as &#8220;Tie Break&#8221;.\u00a0<\/p><p>After the show of the PAFF band (Kiniorski, Biolik, Majerczyk, Bracichowicz) at the &#8220;Fama&#8221; festival in \u015awinouj\u015bcie, Mr. Grzegorz Ciechowski visits the band in the dressing room, offering cooperation to the entire line-up on his future concert show &#8220;Obywatel G.C.&#8221; Finally, after a successful performance at the song festival in Sopot &#8217;88 (with W\u0142odek Kiniorski), Kuba Majerczyk and Leszek Biolik permanently joined the &#8220;Obywatel GC&#8221; lineup.<\/p>\t\t\t\t\t\t\t\t<\/div>\n\t\t\t\t<\/div>\n\t\t\t\t<div class=\"elementor-element elementor-element-75ec457f elementor-widget elementor-widget-text-editor\" data-id=\"75ec457f\" data-element_type=\"widget\" data-e-type=\"widget\" data-widget_type=\"text-editor.default\">\n\t\t\t\t<div class=\"elementor-widget-container\">\n\t\t\t\t\t\t\t\t\t<h3>Amadeusz \u201cKuba\u201d Majerczyk \u2013 music bands chronologically:<\/h3><ul><li>1985-89-<a href=\"https:\/\/pl.wikipedia.org\/wiki\/W%C5%82odzimierz_Kiniorski\" target=\"_blank\" rel=\"noreferrer noopener\">W\u0142odzimierz Kiniorski&#8217;s<\/a> (Kinior) PAFF Art Studio<\/li><li>1988-91-<a href=\"https:\/\/grzegorzciechowski.pl\/\" target=\"_blank\" rel=\"noreferrer noopener\">Citizen GC<\/a> The band included, among others, Marcin &#8220;Samba&#8221; Otr\u0119bski, Staszek Zybowski, Jan Borysewicz, Wojciech Konikiewicz, Josse Torres, Leszek Biolik, Micha\u0142 Kulenty, S\u0142awomir Piwowar, Tytus Jakubowski. The 1989 tour was recognized as the musical event of the year in Poland.<\/li><li>od 1990-97 &#8211; <a href=\"https:\/\/www.krzysztofpopek.pl\/\" target=\"_blank\" rel=\"noopener\">Krzysztof Popek<\/a>&#8216;s <a href=\"https:\/\/www.youngpower.info\/\" target=\"_blank\" rel=\"noopener\">Young Power<\/a> (the band is still active today).<\/li><li>od 1991-2011 &#8211; <a href=\"https:\/\/pl.wikipedia.org\/wiki\/Tie_Break\">Tie Break<\/a> (Janusz &#8220;Yanina&#8221; Iwa\u0144ski, Antoni J\u00f3zef Gralak (Ziut Gralak), Marcin Pospieszalski, <a href=\"http:\/\/www.voovoo.art.pl\/duchy\/mateo.html\" target=\"_blank\" rel=\"noopener\">Mateusz Pospieszalski<\/a>, Zbigniew Brysiak, Amadeusz &#8220;Kuba&#8221; Majerczyk)<\/li><li>1991-93 &#8211; Black Comets from the South (&#8220;Czarne Komety z Po\u0142udnia&#8221;) (<a title=\"Roman Pazur Wojciechowski\" href=\"http:\/\/www.pazur.zanet.pl\/\">Roman &#8220;Pazur&#8221; Wojciechowski<\/a>, Andrzej Urny, Jerzy Kawalec, Krzysztof G\u0142uch, Dariusz Kozakiewicz, Kuba Majerczyk)<\/li><li>1992-<a title=\"Bajm\" href=\"http:\/\/www.bajm.pl\" target=\"_blank\" rel=\"noopener\">Bajm<\/a> (including \u00a0<a href=\"https:\/\/marekraduli.com\/\" target=\"_blank\" rel=\"noreferrer noopener\">Marek Raduli<\/a>, <a href=\"https:\/\/www.kubamajerczyk.com\/wp-content\/uploads\/2026\/02\/DSC_9796_1200px.webp\"><img decoding=\"async\" class=\"alignright wp-image-7835\" title=\"Kuba Majerczyk - live show\" src=\"https:\/\/www.kubamajerczyk.com\/wp-content\/uploads\/2026\/02\/DSC_9796_1200px-200x300.webp\" alt=\"Kuba Majerczyk - live show\" width=\"240\" height=\"360\" srcset=\"https:\/\/www.kubamajerczyk.com\/wp-content\/uploads\/2026\/02\/DSC_9796_1200px-200x300.webp 200w, https:\/\/www.kubamajerczyk.com\/wp-content\/uploads\/2026\/02\/DSC_9796_1200px-683x1024.webp 683w, https:\/\/www.kubamajerczyk.com\/wp-content\/uploads\/2026\/02\/DSC_9796_1200px-100x150.webp 100w, https:\/\/www.kubamajerczyk.com\/wp-content\/uploads\/2026\/02\/DSC_9796_1200px-768x1152.webp 768w, https:\/\/www.kubamajerczyk.com\/wp-content\/uploads\/2026\/02\/DSC_9796_1200px.webp 800w\" sizes=\"(max-width: 240px) 100vw, 240px\" \/><\/a>Pawe\u0142 Sot, Adam Abramek)<\/li><li>1993-95 &#8211; cooperation with <a href=\"http:\/\/www.soyka.pl\/\" target=\"_blank\" rel=\"noopener\">Stanis\u0142aw Sojka<\/a><\/li><li>1994-96 &#8211; <a href=\"http:\/\/www.eugenderyck.com\/\" target=\"_blank\" rel=\"noopener\">Eugen De Ryck<\/a> Band (Germany).<\/li><li>1996-<a href=\"http:\/\/www.marekkoscikiewicz.pl\/\" target=\"_blank\" rel=\"noopener\">Marek Ko\u015bcikiewicz<\/a><\/li><li>1996-<a href=\"http:\/\/www.justynasteczkowska.pl\/\" target=\"_blank\" rel=\"noopener\">Justyna Steczkowska <\/a>(Sopot Festival &#8211; along with: Jacek Kr\u00f3lik, <a href=\"https:\/\/kayax.pl\/artysci\/smolik\">Andrzej Smolik<\/a>, Leszek Biolik).<\/li><li>1996-98 Martyna Jakubowicz&#8217;s band (including Jerzy Styczy\u0144ski).<\/li><li>1996-2000 <a href=\"https:\/\/www.antoninakrzyszton.pl\/\" target=\"_blank\" rel=\"noreferrer noopener\">Antonina Krzyszto\u0144<\/a> band.<\/li><li>1997-2001 working with:<a title=\"Anna Maria Jopek\" href=\"http:\/\/www.annamariajopek.pl\/\" target=\"_blank\" rel=\"noopener\"> Ann\u0105 Mari\u0105 Jopek<\/a> (<a href=\"https:\/\/mareknapiorkowski.com\" target=\"_blank\" rel=\"noopener\">Marek Napi\u00f3rkowski<\/a>, Wies\u0142aw Sa\u0142ata, Pawe\u0142 &#8220;Bzim&#8221; Zarecki, Kuba Majerczyk).<\/li><li>1998 &#8211; As a member of <a href=\"https:\/\/leszekcichonski.pl\/\" target=\"_blank\" rel=\"noreferrer noopener\">Leszek Cicho\u0144ski<\/a>&#8216;s Guitar Workshop &#8211; 40 shows with <a href=\"https:\/\/en.wikipedia.org\/wiki\/Carlos_Johnson_(blues_musician)\" target=\"_blank\" rel=\"noreferrer noopener\">Carlos Johnson<\/a> &#8211; Chicago blues musician (including <a href=\"https:\/\/en.wikipedia.org\/wiki\/Wojciech_Karolak\" target=\"_blank\" rel=\"noopener\">Wojciech Karolak<\/a>)<\/li><li>2000-2008 &#8211; working with <a href=\"http:\/\/www.anitalipnicka.com\/\" target=\"_blank\" rel=\"noopener\">Anita Lipnicka<\/a> (Robert Amirian, <a href=\"https:\/\/www.facebook.com\/piotrzaq\/\" target=\"_blank\" rel=\"noopener\">Piotr \u017baczek<\/a>, Piotr &#8220;Vino&#8221; Winnicki, Krzysztof Palczewski, Kuba Majerczyk)<\/li><li>2003 &#8211; working with <a href=\"https:\/\/www.deezer.com\/pl\/artist\/1518313\">Marcin Rozynek<\/a>&#8216;s band.<\/li><li>2000-2008 &#8211; working with Anita Lipnicka-John Porter duo&#8217;s band (Piotr &#8220;Vino&#8221; Winnicki, Marcin Lamch, Arkadiusz Krupa, Romuald Kunikowski, Kuba Majerczyk)<\/li><li>2004 &#8211; working with &#8220;Emi&#8221; (Maciej G\u0142adysz, Piotr &#8220;Vino&#8221; Winnicki, Marcin Lamch, Konrad Bili\u0144ski, Kuba Majerczyk)<\/li><li>2009 &#8211; Lidia Kopania<\/li><li>2014 &#8211; <a href=\"https:\/\/www.grzegorzwilk.pl\/\" target=\"_blank\" rel=\"noopener\">Grzegorz Wilk<\/a>&#8216;s band &#8211; Wolf Flow<\/li><li>2015 &#8211; working as a member of <a href=\"http:\/\/www.oddzialzamkniety.com\/\" target=\"_blank\" rel=\"noopener\">Oddzia\u0142 Zamkni\u0119ty<\/a><\/li><li>2016 &#8211; 2025 &#8211; <a href=\"https:\/\/pl.wikipedia.org\/wiki\/Cree_(zesp%C3%B3%C5%82_muzyczny)\" target=\"_blank\" rel=\"noopener\">CREE<\/a><\/li><\/ul>\t\t\t\t\t\t\t\t<\/div>\n\t\t\t\t<\/div>\n\t\t\t\t<div class=\"elementor-element elementor-element-17e659b elementor-widget elementor-widget-button\" data-id=\"17e659b\" data-element_type=\"widget\" data-e-type=\"widget\" data-widget_type=\"button.default\">\n\t\t\t\t<div class=\"elementor-widget-container\">\n\t\t\t\t\t\t\t\t\t<div class=\"elementor-button-wrapper\">\n\t\t\t\t\t<a class=\"elementor-button elementor-button-link elementor-size-sm elementor-animation-skew\" href=\"http:\/\/www.kubamajerczyk.com\/en\/about\/kuba-majerczyk-discography\/\">\n\t\t\t\t\t\t<span class=\"elementor-button-content-wrapper\">\n\t\t\t\t\t\t<span class=\"elementor-button-icon\">\n\t\t\t\t<i aria-hidden=\"true\" class=\"fas fa-music\"><\/i>\t\t\t<\/span>\n\t\t\t\t\t\t\t\t\t<span class=\"elementor-button-text\">Choosen discography<\/span>\n\t\t\t\t\t<\/span>\n\t\t\t\t\t<\/a>\n\t\t\t\t<\/div>\n\t\t\t\t\t\t\t\t<\/div>\n\t\t\t\t<\/div>\n\t\t\t\t\t<\/div>\n\t\t<\/div>\n\t\t\t\t\t<\/div>\n\t\t<\/section>\n\t\t\t\t<section class=\"elementor-section elementor-top-section elementor-element elementor-element-986b102 elementor-section-boxed elementor-section-height-default elementor-section-height-default\" data-id=\"986b102\" data-element_type=\"section\" data-e-type=\"section\">\n\t\t\t\t\t\t<div class=\"elementor-container elementor-column-gap-default\">\n\t\t\t\t\t<div class=\"elementor-column elementor-col-100 elementor-top-column elementor-element elementor-element-163432a\" data-id=\"163432a\" data-element_type=\"column\" data-e-type=\"column\">\n\t\t\t<div class=\"elementor-widget-wrap\">\n\t\t\t\t\t\t\t<\/div>\n\t\t<\/div>\n\t\t\t\t\t<\/div>\n\t\t<\/section>\n\t\t\t\t<\/div>\n\t\t","protected":false},"excerpt":{"rendered":"<p>Short bio: Amadeusz &#8220;Kuba&#8221; Majerczyk was born in October 1966 in Lublin, spending his childhood in \u015awidnik. He became seriously interested in drums when he was about 12 years old. Around then, his mother gave him his first drum set.Starting with local bands: &#8220;Czerwona Brzytwa&#8221; (The Red Razor), &#8220;Snopy&#8221; (Main Award of the &#8220;Jesie\u0144 z [&hellip;]<\/p>\n","protected":false},"author":15,"featured_media":0,"parent":0,"menu_order":20,"comment_status":"closed","ping_status":"open","template":"","meta":{"jetpack_post_was_ever_published":false,"footnotes":""},"class_list":["post-103","page","type-page","status-publish","hentry"],"yoast_head":"<!-- This site is optimized with the Yoast SEO plugin v27.3 - https:\/\/yoast.com\/product\/yoast-seo-wordpress\/ -->\n<title>About - Kuba Majerczyk - Drummer<\/title>\n<meta name=\"robots\" content=\"index, follow, max-snippet:-1, max-image-preview:large, max-video-preview:-1\" \/>\n<link rel=\"canonical\" href=\"https:\/\/www.kubamajerczyk.com\/en\/kuba-majerczyk-about\/\" \/>\n<meta property=\"og:locale\" content=\"en_US\" \/>\n<meta property=\"og:type\" content=\"article\" \/>\n<meta property=\"og:title\" content=\"About - Kuba Majerczyk - Drummer\" \/>\n<meta property=\"og:description\" content=\"Short bio: Amadeusz &#8220;Kuba&#8221; Majerczyk was born in October 1966 in Lublin, spending his childhood in \u015awidnik. He became seriously interested in drums when he was about 12 years old. Around then, his mother gave him his first drum set.Starting with local bands: &#8220;Czerwona Brzytwa&#8221; (The Red Razor), &#8220;Snopy&#8221; (Main Award of the &#8220;Jesie\u0144 z [&hellip;]\" \/>\n<meta property=\"og:url\" content=\"https:\/\/www.kubamajerczyk.com\/en\/kuba-majerczyk-about\/\" \/>\n<meta property=\"og:site_name\" content=\"Kuba Majerczyk - Drummer\" \/>\n<meta property=\"article:modified_time\" content=\"2026-02-23T03:05:56+00:00\" \/>\n<meta property=\"og:image\" content=\"https:\/\/www.kubamajerczyk.com\/wp-content\/uploads\/2026\/02\/kuba_patologia_80s-223x300.webp\" \/>\n<meta name=\"twitter:card\" content=\"summary_large_image\" \/>\n<meta name=\"twitter:label1\" content=\"Est. reading time\" \/>\n\t<meta name=\"twitter:data1\" content=\"3 minutes\" \/>\n<script type=\"application\/ld+json\" class=\"yoast-schema-graph\">{\"@context\":\"https:\\\/\\\/schema.org\",\"@graph\":[{\"@type\":\"WebPage\",\"@id\":\"https:\\\/\\\/www.kubamajerczyk.com\\\/en\\\/kuba-majerczyk-about\\\/\",\"url\":\"https:\\\/\\\/www.kubamajerczyk.com\\\/en\\\/kuba-majerczyk-about\\\/\",\"name\":\"About - Kuba Majerczyk - Drummer\",\"isPartOf\":{\"@id\":\"https:\\\/\\\/www.kubamajerczyk.com\\\/en\\\/#website\"},\"primaryImageOfPage\":{\"@id\":\"https:\\\/\\\/www.kubamajerczyk.com\\\/en\\\/kuba-majerczyk-about\\\/#primaryimage\"},\"image\":{\"@id\":\"https:\\\/\\\/www.kubamajerczyk.com\\\/en\\\/kuba-majerczyk-about\\\/#primaryimage\"},\"thumbnailUrl\":\"https:\\\/\\\/www.kubamajerczyk.com\\\/wp-content\\\/uploads\\\/2026\\\/02\\\/kuba_patologia_80s-223x300.webp\",\"datePublished\":\"2009-11-21T10:02:58+00:00\",\"dateModified\":\"2026-02-23T03:05:56+00:00\",\"breadcrumb\":{\"@id\":\"https:\\\/\\\/www.kubamajerczyk.com\\\/en\\\/kuba-majerczyk-about\\\/#breadcrumb\"},\"inLanguage\":\"en-US\",\"potentialAction\":[{\"@type\":\"ReadAction\",\"target\":[\"https:\\\/\\\/www.kubamajerczyk.com\\\/en\\\/kuba-majerczyk-about\\\/\"]}]},{\"@type\":\"ImageObject\",\"inLanguage\":\"en-US\",\"@id\":\"https:\\\/\\\/www.kubamajerczyk.com\\\/en\\\/kuba-majerczyk-about\\\/#primaryimage\",\"url\":\"https:\\\/\\\/www.kubamajerczyk.com\\\/wp-content\\\/uploads\\\/2026\\\/02\\\/kuba_patologia_80s-223x300.webp\",\"contentUrl\":\"https:\\\/\\\/www.kubamajerczyk.com\\\/wp-content\\\/uploads\\\/2026\\\/02\\\/kuba_patologia_80s-223x300.webp\"},{\"@type\":\"BreadcrumbList\",\"@id\":\"https:\\\/\\\/www.kubamajerczyk.com\\\/en\\\/kuba-majerczyk-about\\\/#breadcrumb\",\"itemListElement\":[{\"@type\":\"ListItem\",\"position\":1,\"name\":\"Strona g\u0142\u00f3wna\",\"item\":\"https:\\\/\\\/www.kubamajerczyk.com\\\/en\\\/\"},{\"@type\":\"ListItem\",\"position\":2,\"name\":\"About\"}]},{\"@type\":\"WebSite\",\"@id\":\"https:\\\/\\\/www.kubamajerczyk.com\\\/en\\\/#website\",\"url\":\"https:\\\/\\\/www.kubamajerczyk.com\\\/en\\\/\",\"name\":\"Kuba Majerczyk - Perkusista\",\"description\":\"Drum-parts Recording\",\"publisher\":{\"@id\":\"https:\\\/\\\/www.kubamajerczyk.com\\\/en\\\/#\\\/schema\\\/person\\\/2da870fc2b57356162d78ba014aca932\"},\"potentialAction\":[{\"@type\":\"SearchAction\",\"target\":{\"@type\":\"EntryPoint\",\"urlTemplate\":\"https:\\\/\\\/www.kubamajerczyk.com\\\/en\\\/?s={search_term_string}\"},\"query-input\":{\"@type\":\"PropertyValueSpecification\",\"valueRequired\":true,\"valueName\":\"search_term_string\"}}],\"inLanguage\":\"en-US\"},{\"@type\":[\"Person\",\"Organization\"],\"@id\":\"https:\\\/\\\/www.kubamajerczyk.com\\\/en\\\/#\\\/schema\\\/person\\\/2da870fc2b57356162d78ba014aca932\",\"name\":\"Kuba\",\"image\":{\"@type\":\"ImageObject\",\"inLanguage\":\"en-US\",\"@id\":\"https:\\\/\\\/www.kubamajerczyk.com\\\/wp-content\\\/uploads\\\/KUB_1273-as-Smart-Object-1_copy_720px.jpg\",\"url\":\"https:\\\/\\\/www.kubamajerczyk.com\\\/wp-content\\\/uploads\\\/KUB_1273-as-Smart-Object-1_copy_720px.jpg\",\"contentUrl\":\"https:\\\/\\\/www.kubamajerczyk.com\\\/wp-content\\\/uploads\\\/KUB_1273-as-Smart-Object-1_copy_720px.jpg\",\"width\":540,\"height\":720,\"caption\":\"Kuba\"},\"logo\":{\"@id\":\"https:\\\/\\\/www.kubamajerczyk.com\\\/wp-content\\\/uploads\\\/KUB_1273-as-Smart-Object-1_copy_720px.jpg\"},\"sameAs\":[\"http:\\\/\\\/www.kubamajerczyk.com\",\"https:\\\/\\\/on.soundcloud.com\\\/Gca1OHzyBlgqhRyuhh\"]}]}<\/script>\n<!-- \/ Yoast SEO plugin. -->","yoast_head_json":{"title":"About - Kuba Majerczyk - Drummer","robots":{"index":"index","follow":"follow","max-snippet":"max-snippet:-1","max-image-preview":"max-image-preview:large","max-video-preview":"max-video-preview:-1"},"canonical":"https:\/\/www.kubamajerczyk.com\/en\/kuba-majerczyk-about\/","og_locale":"en_US","og_type":"article","og_title":"About - Kuba Majerczyk - Drummer","og_description":"Short bio: Amadeusz &#8220;Kuba&#8221; Majerczyk was born in October 1966 in Lublin, spending his childhood in \u015awidnik. He became seriously interested in drums when he was about 12 years old. Around then, his mother gave him his first drum set.Starting with local bands: &#8220;Czerwona Brzytwa&#8221; (The Red Razor), &#8220;Snopy&#8221; (Main Award of the &#8220;Jesie\u0144 z [&hellip;]","og_url":"https:\/\/www.kubamajerczyk.com\/en\/kuba-majerczyk-about\/","og_site_name":"Kuba Majerczyk - Drummer","article_modified_time":"2026-02-23T03:05:56+00:00","og_image":[{"url":"https:\/\/www.kubamajerczyk.com\/wp-content\/uploads\/2026\/02\/kuba_patologia_80s-223x300.webp","type":"","width":"","height":""}],"twitter_card":"summary_large_image","twitter_misc":{"Est. reading time":"3 minutes"},"schema":{"@context":"https:\/\/schema.org","@graph":[{"@type":"WebPage","@id":"https:\/\/www.kubamajerczyk.com\/en\/kuba-majerczyk-about\/","url":"https:\/\/www.kubamajerczyk.com\/en\/kuba-majerczyk-about\/","name":"About - Kuba Majerczyk - Drummer","isPartOf":{"@id":"https:\/\/www.kubamajerczyk.com\/en\/#website"},"primaryImageOfPage":{"@id":"https:\/\/www.kubamajerczyk.com\/en\/kuba-majerczyk-about\/#primaryimage"},"image":{"@id":"https:\/\/www.kubamajerczyk.com\/en\/kuba-majerczyk-about\/#primaryimage"},"thumbnailUrl":"https:\/\/www.kubamajerczyk.com\/wp-content\/uploads\/2026\/02\/kuba_patologia_80s-223x300.webp","datePublished":"2009-11-21T10:02:58+00:00","dateModified":"2026-02-23T03:05:56+00:00","breadcrumb":{"@id":"https:\/\/www.kubamajerczyk.com\/en\/kuba-majerczyk-about\/#breadcrumb"},"inLanguage":"en-US","potentialAction":[{"@type":"ReadAction","target":["https:\/\/www.kubamajerczyk.com\/en\/kuba-majerczyk-about\/"]}]},{"@type":"ImageObject","inLanguage":"en-US","@id":"https:\/\/www.kubamajerczyk.com\/en\/kuba-majerczyk-about\/#primaryimage","url":"https:\/\/www.kubamajerczyk.com\/wp-content\/uploads\/2026\/02\/kuba_patologia_80s-223x300.webp","contentUrl":"https:\/\/www.kubamajerczyk.com\/wp-content\/uploads\/2026\/02\/kuba_patologia_80s-223x300.webp"},{"@type":"BreadcrumbList","@id":"https:\/\/www.kubamajerczyk.com\/en\/kuba-majerczyk-about\/#breadcrumb","itemListElement":[{"@type":"ListItem","position":1,"name":"Strona g\u0142\u00f3wna","item":"https:\/\/www.kubamajerczyk.com\/en\/"},{"@type":"ListItem","position":2,"name":"About"}]},{"@type":"WebSite","@id":"https:\/\/www.kubamajerczyk.com\/en\/#website","url":"https:\/\/www.kubamajerczyk.com\/en\/","name":"Kuba Majerczyk - Perkusista","description":"Drum-parts Recording","publisher":{"@id":"https:\/\/www.kubamajerczyk.com\/en\/#\/schema\/person\/2da870fc2b57356162d78ba014aca932"},"potentialAction":[{"@type":"SearchAction","target":{"@type":"EntryPoint","urlTemplate":"https:\/\/www.kubamajerczyk.com\/en\/?s={search_term_string}"},"query-input":{"@type":"PropertyValueSpecification","valueRequired":true,"valueName":"search_term_string"}}],"inLanguage":"en-US"},{"@type":["Person","Organization"],"@id":"https:\/\/www.kubamajerczyk.com\/en\/#\/schema\/person\/2da870fc2b57356162d78ba014aca932","name":"Kuba","image":{"@type":"ImageObject","inLanguage":"en-US","@id":"https:\/\/www.kubamajerczyk.com\/wp-content\/uploads\/KUB_1273-as-Smart-Object-1_copy_720px.jpg","url":"https:\/\/www.kubamajerczyk.com\/wp-content\/uploads\/KUB_1273-as-Smart-Object-1_copy_720px.jpg","contentUrl":"https:\/\/www.kubamajerczyk.com\/wp-content\/uploads\/KUB_1273-as-Smart-Object-1_copy_720px.jpg","width":540,"height":720,"caption":"Kuba"},"logo":{"@id":"https:\/\/www.kubamajerczyk.com\/wp-content\/uploads\/KUB_1273-as-Smart-Object-1_copy_720px.jpg"},"sameAs":["http:\/\/www.kubamajerczyk.com","https:\/\/on.soundcloud.com\/Gca1OHzyBlgqhRyuhh"]}]}},"_links":{"self":[{"href":"https:\/\/www.kubamajerczyk.com\/en\/wp-json\/wp\/v2\/pages\/103","targetHints":{"allow":["GET"]}}],"collection":[{"href":"https:\/\/www.kubamajerczyk.com\/en\/wp-json\/wp\/v2\/pages"}],"about":[{"href":"https:\/\/www.kubamajerczyk.com\/en\/wp-json\/wp\/v2\/types\/page"}],"author":[{"embeddable":true,"href":"https:\/\/www.kubamajerczyk.com\/en\/wp-json\/wp\/v2\/users\/15"}],"replies":[{"embeddable":true,"href":"https:\/\/www.kubamajerczyk.com\/en\/wp-json\/wp\/v2\/comments?post=103"}],"version-history":[{"count":0,"href":"https:\/\/www.kubamajerczyk.com\/en\/wp-json\/wp\/v2\/pages\/103\/revisions"}],"wp:attachment":[{"href":"https:\/\/www.kubamajerczyk.com\/en\/wp-json\/wp\/v2\/media?parent=103"}],"curies":[{"name":"wp","href":"https:\/\/api.w.org\/{rel}","templated":true}]}}